{"id":116,"date":"2016-01-28T07:43:51","date_gmt":"2016-01-28T07:43:51","guid":{"rendered":"http:\/\/www.kgelte.de\/?page_id=116"},"modified":"2018-05-24T13:32:41","modified_gmt":"2018-05-24T13:32:41","slug":"satzung","status":"publish","type":"page","link":"http:\/\/www.kgelte.de\/?page_id=116","title":{"rendered":"Satzung"},"content":{"rendered":"<p>Die\u00a0Karnevalsgesellschaft Elte e.V. (kurz KG Elte)ist ein im Vereinsregister des Amtsgerichts Steinfurt\u00a0unter der Registernummer VR0647 eingetragener Verein. F\u00fcr eingetragene Vereine ist eine Satzung vorgeschrieben und sie ist auch f\u00fcr einen reibungslosen Ablauf des Vereinslebens notwendig.<\/p>\n<p>In der Satzung ist der Name festgelegt. Sie regelt den Zweck des Vereins, die Gesch\u00e4ftsabl\u00e4ufe, wie Mitgliedschaft, Rechte und Pflichten aller Vereinsmitglieder. Die F\u00fchrung des Vereins, die Aufstellung des Vorstandes und Ablauf des Gesch\u00e4ftsjahres sind in der Satzung festgehalten.<\/p>\n<p><strong><a href=\"http:\/\/www.kgelte.de\/wp-content\/uploads\/2016\/01\/Satzung_KGELTE.pdf\" rel=\"attachment wp-att-117\"><img loading=\"lazy\" decoding=\"async\" class=\"alignright wp-image-117 size-medium\" src=\"http:\/\/www.kgelte.de\/wp-content\/uploads\/2016\/01\/satzung-300x270.jpg\" alt=\"satzung\" width=\"300\" height=\"270\" srcset=\"http:\/\/www.kgelte.de\/wp-content\/uploads\/2016\/01\/satzung-300x270.jpg 300w, http:\/\/www.kgelte.de\/wp-content\/uploads\/2016\/01\/satzung-768x691.jpg 768w, http:\/\/www.kgelte.de\/wp-content\/uploads\/2016\/01\/satzung.jpg 899w\" sizes=\"(max-width: 300px) 100vw, 300px\" \/><\/a>Die KG Elte verfolgt lt. aktueller Satzung folgende Vereinszweck:\u00a0<\/strong><\/p>\n<ul>\n<li>Zweck des Vereins ist die F\u00f6rderung und Bewahrung des karnevalistischen Brauchtums und des karnevalistischen Gardetanzsportes.<\/li>\n<\/ul>\n<p>&nbsp;<\/p>\n<p>Zum Download der vollst\u00e4ndigen Satzung bitte auf das Bild klicken:<\/p>\n<p>&nbsp;<\/p>\n","protected":false},"excerpt":{"rendered":"<p>Die\u00a0Karnevalsgesellschaft Elte e.V. (kurz KG Elte)ist ein im Vereinsregister des Amtsgerichts Steinfurt\u00a0unter der Registernummer VR0647 eingetragener Verein. F\u00fcr eingetragene Vereine ist eine Satzung vorgeschrieben und sie ist auch f\u00fcr einen reibungslosen Ablauf des Vereinslebens notwendig. In der Satzung ist der Name festgelegt. Sie regelt den Zweck des Vereins, die Gesch\u00e4ftsabl\u00e4ufe, wie Mitgliedschaft, Rechte und Pflichten &hellip; <a href=\"http:\/\/www.kgelte.de\/?page_id=116\" class=\"more-link\"><span class=\"screen-reader-text\">Satzung<\/span> weiterlesen <span class=\"meta-nav\">&rarr;<\/span><\/a><\/p>\n","protected":false},"author":1,"featured_media":0,"parent":0,"menu_order":0,"comment_status":"closed","ping_status":"closed","template":"","meta":{"footnotes":""},"class_list":["post-116","page","type-page","status-publish","hentry"],"_links":{"self":[{"href":"http:\/\/www.kgelte.de\/index.php?rest_route=\/wp\/v2\/pages\/116"}],"collection":[{"href":"http:\/\/www.kgelte.de\/index.php?rest_route=\/wp\/v2\/pages"}],"about":[{"href":"http:\/\/www.kgelte.de\/index.php?rest_route=\/wp\/v2\/types\/page"}],"author":[{"embeddable":true,"href":"http:\/\/www.kgelte.de\/index.php?rest_route=\/wp\/v2\/users\/1"}],"replies":[{"embeddable":true,"href":"http:\/\/www.kgelte.de\/index.php?rest_route=%2Fwp%2Fv2%2Fcomments&post=116"}],"version-history":[{"count":2,"href":"http:\/\/www.kgelte.de\/index.php?rest_route=\/wp\/v2\/pages\/116\/revisions"}],"predecessor-version":[{"id":120,"href":"http:\/\/www.kgelte.de\/index.php?rest_route=\/wp\/v2\/pages\/116\/revisions\/120"}],"wp:attachment":[{"href":"http:\/\/www.kgelte.de\/index.php?rest_route=%2Fwp%2Fv2%2Fmedia&parent=116"}],"curies":[{"name":"wp","href":"https:\/\/api.w.org\/{rel}","templated":true}]}}