{"id":15,"date":"2016-01-27T12:23:15","date_gmt":"2016-01-27T12:23:15","guid":{"rendered":"http:\/\/kgelte.de\/?page_id=15"},"modified":"2023-01-18T13:17:29","modified_gmt":"2023-01-18T13:17:29","slug":"ehrenmitglieder","status":"publish","type":"page","link":"http:\/\/www.kgelte.de\/?page_id=15","title":{"rendered":"Ehrenmitglieder"},"content":{"rendered":"<p>Schon seit 1972 feiert die KG Elte nun schon Karneval. Diese lange Zeit w\u00e4re ohne unz\u00e4hlige ehrenamtliche Arbeitsstunden durch die Vereinsmitglieder und auch durch Freunde des Vereins nicht m\u00f6glich gewesen.<\/p>\n<p>Unser obererstes Vereinsorgan, die Mitgliederversammlung, ernennt verdiente Mitglieder zu Ehrenmitgliedern oder auch zum Ehrenpr\u00e4sidenten.<\/p>\n<p>Aktuell tragen folgende Mitglieder f\u00fcr Ihre langj\u00e4hrige T\u00e4tigkeit im Vorstand der KG Elte diese besonderen Auszeichnungen:<\/p>\n<p><strong>Ehrenpr\u00e4sidenten<\/strong><\/p>\n<p>G\u00fcnter Fege,\u00a0Heinz Schrader<\/p>\n<p><strong>Ehrenmitglieder<\/strong><\/p>\n<p>Lies K\u00f6nnig, Edith Wolters, Heike van der Giet<\/p>\n<p><strong>Leider verstorben sind unsere Ehrenmitglieder:\u00a0<\/strong><\/p>\n<p>Albert Overesch,\u00a0Heinrich Veltmann, Egon Plugge und Georg Kellers<\/p>\n<p>&nbsp;<\/p>\n","protected":false},"excerpt":{"rendered":"<p>Schon seit 1972 feiert die KG Elte nun schon Karneval. Diese lange Zeit w\u00e4re ohne unz\u00e4hlige ehrenamtliche Arbeitsstunden durch die Vereinsmitglieder und auch durch Freunde des Vereins nicht m\u00f6glich gewesen. Unser obererstes Vereinsorgan, die Mitgliederversammlung, ernennt verdiente Mitglieder zu Ehrenmitgliedern oder auch zum Ehrenpr\u00e4sidenten. Aktuell tragen folgende Mitglieder f\u00fcr Ihre langj\u00e4hrige T\u00e4tigkeit im Vorstand der &hellip; <a href=\"http:\/\/www.kgelte.de\/?page_id=15\" class=\"more-link\"><span class=\"screen-reader-text\">Ehrenmitglieder<\/span> weiterlesen <span class=\"meta-nav\">&rarr;<\/span><\/a><\/p>\n","protected":false},"author":1,"featured_media":0,"parent":10,"menu_order":0,"comment_status":"closed","ping_status":"closed","template":"","meta":{"footnotes":""},"class_list":["post-15","page","type-page","status-publish","hentry"],"_links":{"self":[{"href":"http:\/\/www.kgelte.de\/index.php?rest_route=\/wp\/v2\/pages\/15"}],"collection":[{"href":"http:\/\/www.kgelte.de\/index.php?rest_route=\/wp\/v2\/pages"}],"about":[{"href":"http:\/\/www.kgelte.de\/index.php?rest_route=\/wp\/v2\/types\/page"}],"author":[{"embeddable":true,"href":"http:\/\/www.kgelte.de\/index.php?rest_route=\/wp\/v2\/users\/1"}],"replies":[{"embeddable":true,"href":"http:\/\/www.kgelte.de\/index.php?rest_route=%2Fwp%2Fv2%2Fcomments&post=15"}],"version-history":[{"count":6,"href":"http:\/\/www.kgelte.de\/index.php?rest_route=\/wp\/v2\/pages\/15\/revisions"}],"predecessor-version":[{"id":581,"href":"http:\/\/www.kgelte.de\/index.php?rest_route=\/wp\/v2\/pages\/15\/revisions\/581"}],"up":[{"embeddable":true,"href":"http:\/\/www.kgelte.de\/index.php?rest_route=\/wp\/v2\/pages\/10"}],"wp:attachment":[{"href":"http:\/\/www.kgelte.de\/index.php?rest_route=%2Fwp%2Fv2%2Fmedia&parent=15"}],"curies":[{"name":"wp","href":"https:\/\/api.w.org\/{rel}","templated":true}]}}