{"id":4,"date":"2016-01-27T12:12:03","date_gmt":"2016-01-27T12:12:03","guid":{"rendered":"http:\/\/kgelte.de\/?page_id=4"},"modified":"2024-10-27T13:20:55","modified_gmt":"2024-10-27T13:20:55","slug":"vorstand","status":"publish","type":"page","link":"http:\/\/www.kgelte.de\/?page_id=4","title":{"rendered":"Vorstand"},"content":{"rendered":"<p>Zur Zeit sind die Vorstands\u00e4mter wie folgt besetzt:<\/p>\n<table border=\"0\" cellspacing=\"0\" cellpadding=\"0\">\n<tbody>\n<tr>\n<td valign=\"top\">\n<p style=\"text-align: justify;\"><strong>Pr\u00e4sident<\/strong><\/p>\n<p style=\"text-align: justify;\">\n<\/td>\n<td style=\"text-align: justify;\" valign=\"top\"><strong>Jens K\u00f6nnig<\/strong><\/p>\n<ul>\n<li>Prinz: 2004<\/li>\n<li>Prinz: 2012<\/li>\n<\/ul>\n<p>Vorstand der KG Elte<\/p>\n<ul>\n<li>2024 &#8211; heute Pr\u00e4sident<\/li>\n<li>2022 &#8211; 2024 2. Schriftf\u00fchrer<\/li>\n<li>2015 &#8211; 2022 Pr\u00e4sident<\/li>\n<li>2005 \u2013 2015 Schatzmeister<\/li>\n<li>Aktuelle Amtsperiode bis 2028<\/li>\n<\/ul>\n<ul>\n<li style=\"list-style-type: none;\"><\/li>\n<\/ul>\n<\/td>\n<\/tr>\n<tr style=\"text-align: justify;\">\n<td valign=\"top\"><strong>Vizepr\u00e4siden<\/strong><strong>tin<\/strong><\/td>\n<td valign=\"top\"><strong>Stefanie Fischer <\/strong><\/p>\n<ul>\n<li>Prinzessin: 2015<\/li>\n<\/ul>\n<p>Vorstand der KG Elte:<\/p>\n<ul>\n<li>2007 &#8211; 2013 2. Schriftf\u00fchrerin<\/li>\n<li>2013 &#8211; heute Vizepr\u00e4sidentin<\/li>\n<li>Aktuelle Amtsperiode bis 2025<\/li>\n<\/ul>\n<\/td>\n<\/tr>\n<tr style=\"text-align: justify;\">\n<td valign=\"top\"><strong>Schatzmeister<\/strong><\/td>\n<td valign=\"top\"><strong>Horst Rautenstrauch<\/strong><\/p>\n<p>Vorstand der KG Elte:<\/p>\n<ul>\n<li>2008 \u2013 2015 2. Kassierer<\/li>\n<li>2015 &#8211; heute Schatzmeister<\/li>\n<li>Aktuelle Amtsperiode bis 2025<\/li>\n<\/ul>\n<\/td>\n<\/tr>\n<tr style=\"text-align: justify;\">\n<td valign=\"top\"><strong>Schriftf\u00fchrerin<\/strong><\/td>\n<td valign=\"top\"><strong>Nicole Bertling<\/strong><\/p>\n<ul>\n<li>\u00a0Prinzessin: 2020 &#8211; 2023<\/li>\n<\/ul>\n<p>Vorstand der KG Elte:<\/p>\n<ul>\n<li>2020 &#8211; heute Schriftf\u00fchrerin<\/li>\n<li>Aktuelle Amtsperiode bis 2024<\/li>\n<\/ul>\n<\/td>\n<\/tr>\n<tr style=\"text-align: justify;\">\n<td valign=\"top\"><strong>2. Kassierer<\/strong><\/td>\n<td valign=\"top\"><strong>Bennedikt Rau\u00df<\/strong><\/p>\n<ul>\n<li>Prinz: 2023 &#8211; 2024<\/li>\n<\/ul>\n<p>Vorstand der KG Elte:<\/p>\n<ul>\n<li>2024 &#8211; heute 2. Schatzmeister<\/li>\n<\/ul>\n<\/td>\n<\/tr>\n<tr style=\"text-align: justify;\">\n<td valign=\"top\"><strong>2. Schriftf\u00fchrerin<\/strong><\/td>\n<td valign=\"top\"><strong>Christina Osterhues<\/strong><\/p>\n<ul>\n<li>Vorstand der KG Elte:\n<ul>\n<li>2024 &#8211; heute 2. Schriftf\u00fchrerin<\/li>\n<li>2022 &#8211; 2024<\/li>\n<li>2017 \u2013 2022 2. Schriftf\u00fchrerin<\/li>\n<li>2019 &#8211; heute Betreuung Kinderprinzenpaar<\/li>\n<li>Aktuelle Amtsperiode bis 2026<\/li>\n<\/ul>\n<\/li>\n<\/ul>\n<\/td>\n<\/tr>\n<tr style=\"text-align: justify;\">\n<td valign=\"top\"><strong>Redaktion Karnevalszeitung<\/strong><\/td>\n<td valign=\"top\"><b>n.n. Kommissarisch Yvonne Mersch<\/b><\/td>\n<\/tr>\n<tr style=\"text-align: justify;\">\n<td valign=\"top\"><strong>Tanzsport<\/strong><\/td>\n<td valign=\"top\"><b>zur Zeit nicht besetzt<\/b><\/td>\n<\/tr>\n<tr style=\"text-align: justify;\">\n<td valign=\"top\"><\/td>\n<td valign=\"top\"><\/td>\n<\/tr>\n<tr style=\"text-align: justify;\">\n<td valign=\"top\"><strong>Sitzungspr\u00e4sident<br \/>\n<\/strong><\/td>\n<td valign=\"top\"><strong>Markus van der Giet<\/strong><\/p>\n<ul>\n<li>Prinz\u00a02003<\/li>\n<\/ul>\n<p>Vorstand der KG Elte:<\/p>\n<ul>\n<li>1993 \u2013 2005 Beisitzer<\/li>\n<li>2005 \u2013 heute Kinderkarneval<\/li>\n<li>2012 &#8211; Sitzungspr\u00e4sident<\/li>\n<li>Aktuelle Amtsperiode bis 2027<\/li>\n<\/ul>\n<\/td>\n<\/tr>\n<tr style=\"text-align: justify;\">\n<td valign=\"top\"><strong>Wagen und B\u00fchnenbau<\/strong><\/td>\n<td valign=\"top\">\n<p style=\"text-align: justify;\"><strong>Klaus Osterhues<\/strong><\/p>\n<p style=\"text-align: justify;\">Vorstand der KG Elte:<\/p>\n<ul>\n<li>2022 &#8211;\u00a0 Wagen und B\u00fchnenbau<\/li>\n<\/ul>\n<ul>\n<li style=\"text-align: justify;\">Aktuelle Amtsperiode bis 2028<\/li>\n<\/ul>\n<p><strong>Rainer Kellers<\/strong><\/p>\n<p>Vorstand der KG Elte:<\/p>\n<ul>\n<li>2024 &#8211; Wagen und B\u00fchnenbau<\/li>\n<li>2015 &#8211; 2024 2. Schatzmeister<\/li>\n<li>199x\u00a0\u2013 200x Beisitzer<\/li>\n<li>Aktuelle Amtsperiode bis 2028<\/li>\n<\/ul>\n<\/td>\n<\/tr>\n<tr>\n<td style=\"text-align: justify;\" valign=\"top\"><strong>Beisitzer<br \/>\n<\/strong><\/td>\n<td valign=\"top\">\n<p style=\"text-align: justify;\">\u00a0<strong style=\"font-family: inherit; font-size: inherit; text-align: left;\">Yvonne Mersch<\/strong><\/p>\n<ul>\n<li style=\"text-align: justify;\">Prinzessin: 2012<\/li>\n<\/ul>\n<p style=\"text-align: justify;\">Vorstand der KG Elte:<\/p>\n<ul>\n<li style=\"list-style-type: none;\">\n<ul>\n<li style=\"text-align: justify;\">2011 &#8211; 2015 Zeitungsredaktion<\/li>\n<\/ul>\n<\/li>\n<\/ul>\n<ul>\n<li style=\"list-style-type: none;\">\n<ul>\n<li style=\"text-align: justify;\">2015 &#8211;\u00a02017 Beisitzerin<\/li>\n<\/ul>\n<\/li>\n<\/ul>\n<ul>\n<li style=\"list-style-type: none;\">\n<ul>\n<li style=\"text-align: justify;\">2017 &#8211; 2020 Tanzsport<\/li>\n<li>2020 &#8211; heute Beisitzerin<\/li>\n<\/ul>\n<\/li>\n<\/ul>\n<ul>\n<li style=\"text-align: justify;\">Aktuelle Amtsperiode bis 2028<\/li>\n<\/ul>\n<p><strong>Marcel Bertling<\/strong><\/p>\n<ul>\n<li>Prinz:\u00a0 2020 &#8211; 2023<\/li>\n<\/ul>\n<p>Vorstand der KG Elte:<\/p>\n<ul>\n<li>2023 &#8211; heute Beisitzer<\/li>\n<li>Aktuelle Amtsperiode bis 2027<\/li>\n<\/ul>\n<\/td>\n<\/tr>\n<\/tbody>\n<\/table>\n<p>Kontaktadresse:<\/p>\n<p><strong>info @ kgelte.de<\/strong><\/p>\n<p>Jens K\u00f6nnig<\/p>\n<p>Dille 1<\/p>\n<p>48432 Rheine<\/p>\n","protected":false},"excerpt":{"rendered":"<p>Zur Zeit sind die Vorstands\u00e4mter wie folgt besetzt: Pr\u00e4sident Jens K\u00f6nnig Prinz: 2004 Prinz: 2012 Vorstand der KG Elte 2024 &#8211; heute Pr\u00e4sident 2022 &#8211; 2024 2. Schriftf\u00fchrer 2015 &#8211; 2022 Pr\u00e4sident 2005 \u2013 2015 Schatzmeister Aktuelle Amtsperiode bis 2028 Vizepr\u00e4sidentin Stefanie Fischer Prinzessin: 2015 Vorstand der KG Elte: 2007 &#8211; 2013 2. Schriftf\u00fchrerin 2013 &hellip; <a href=\"http:\/\/www.kgelte.de\/?page_id=4\" class=\"more-link\"><span class=\"screen-reader-text\">Vorstand<\/span> weiterlesen <span class=\"meta-nav\">&rarr;<\/span><\/a><\/p>\n","protected":false},"author":1,"featured_media":0,"parent":0,"menu_order":0,"comment_status":"closed","ping_status":"closed","template":"","meta":{"footnotes":""},"class_list":["post-4","page","type-page","status-publish","hentry"],"_links":{"self":[{"href":"http:\/\/www.kgelte.de\/index.php?rest_route=\/wp\/v2\/pages\/4"}],"collection":[{"href":"http:\/\/www.kgelte.de\/index.php?rest_route=\/wp\/v2\/pages"}],"about":[{"href":"http:\/\/www.kgelte.de\/index.php?rest_route=\/wp\/v2\/types\/page"}],"author":[{"embeddable":true,"href":"http:\/\/www.kgelte.de\/index.php?rest_route=\/wp\/v2\/users\/1"}],"replies":[{"embeddable":true,"href":"http:\/\/www.kgelte.de\/index.php?rest_route=%2Fwp%2Fv2%2Fcomments&post=4"}],"version-history":[{"count":23,"href":"http:\/\/www.kgelte.de\/index.php?rest_route=\/wp\/v2\/pages\/4\/revisions"}],"predecessor-version":[{"id":624,"href":"http:\/\/www.kgelte.de\/index.php?rest_route=\/wp\/v2\/pages\/4\/revisions\/624"}],"wp:attachment":[{"href":"http:\/\/www.kgelte.de\/index.php?rest_route=%2Fwp%2Fv2%2Fmedia&parent=4"}],"curies":[{"name":"wp","href":"https:\/\/api.w.org\/{rel}","templated":true}]}}