{"id":41,"date":"2016-01-27T12:41:32","date_gmt":"2016-01-27T12:41:32","guid":{"rendered":"http:\/\/www.kgelte.de\/?page_id=41"},"modified":"2023-01-18T13:26:16","modified_gmt":"2023-01-18T13:26:16","slug":"wagen-buehnenbau","status":"publish","type":"page","link":"http:\/\/www.kgelte.de\/?page_id=41","title":{"rendered":"Wagen &#038; B\u00fchnenbau"},"content":{"rendered":"<p><strong>Ansprechpartner:<\/strong> Klaus Osterhues<\/p>\n<p><strong>Unser B\u00fchnenbild 2020:<\/strong><\/p>\n<p><img loading=\"lazy\" decoding=\"async\" class=\"alignnone wp-image-547\" src=\"http:\/\/www.kgelte.de\/wp-content\/uploads\/2021\/02\/B\u00fchnenbild-2020-300x178.jpg\" alt=\"\" width=\"786\" height=\"466\" srcset=\"http:\/\/www.kgelte.de\/wp-content\/uploads\/2021\/02\/B\u00fchnenbild-2020-300x178.jpg 300w, http:\/\/www.kgelte.de\/wp-content\/uploads\/2021\/02\/B\u00fchnenbild-2020-1024x606.jpg 1024w, http:\/\/www.kgelte.de\/wp-content\/uploads\/2021\/02\/B\u00fchnenbild-2020-768x455.jpg 768w, http:\/\/www.kgelte.de\/wp-content\/uploads\/2021\/02\/B\u00fchnenbild-2020.jpg 1530w\" sizes=\"(max-width: 786px) 100vw, 786px\" \/><\/p>\n<p><strong>Unser B\u00fchnenbild 2017:<\/strong><\/p>\n<p><a href=\"http:\/\/www.kgelte.de\/wp-content\/uploads\/2017\/02\/WhatsApp-Image-2017-02-21-at-22.24.58.jpeg\" rel=\"attachment wp-att-303\"><img loading=\"lazy\" decoding=\"async\" class=\"aligncenter size-full wp-image-303\" src=\"http:\/\/www.kgelte.de\/wp-content\/uploads\/2017\/02\/WhatsApp-Image-2017-02-21-at-22.24.58.jpeg\" alt=\"WhatsApp Image 2017-02-21 at 22.24.58\" width=\"1600\" height=\"1200\" srcset=\"http:\/\/www.kgelte.de\/wp-content\/uploads\/2017\/02\/WhatsApp-Image-2017-02-21-at-22.24.58.jpeg 1600w, http:\/\/www.kgelte.de\/wp-content\/uploads\/2017\/02\/WhatsApp-Image-2017-02-21-at-22.24.58-300x225.jpeg 300w, http:\/\/www.kgelte.de\/wp-content\/uploads\/2017\/02\/WhatsApp-Image-2017-02-21-at-22.24.58-768x576.jpeg 768w, http:\/\/www.kgelte.de\/wp-content\/uploads\/2017\/02\/WhatsApp-Image-2017-02-21-at-22.24.58-1024x768.jpeg 1024w\" sizes=\"(max-width: 1600px) 100vw, 1600px\" \/><\/a><\/p>\n<p><strong>Unser B\u00fchnenbild 2016:<\/strong><\/p>\n<p><a href=\"http:\/\/www.kgelte.de\/wp-content\/uploads\/2016\/01\/DSC01264.jpg\" rel=\"attachment wp-att-242\"><img loading=\"lazy\" decoding=\"async\" class=\"aligncenter size-full wp-image-242\" src=\"http:\/\/www.kgelte.de\/wp-content\/uploads\/2016\/01\/DSC01264.jpg\" alt=\"DSC01264\" width=\"640\" height=\"480\" srcset=\"http:\/\/www.kgelte.de\/wp-content\/uploads\/2016\/01\/DSC01264.jpg 640w, http:\/\/www.kgelte.de\/wp-content\/uploads\/2016\/01\/DSC01264-300x225.jpg 300w\" sizes=\"(max-width: 640px) 100vw, 640px\" \/><\/a><\/p>\n<p><strong>Unser B\u00fchnenbild 2015:<\/strong><\/p>\n<p><a href=\"http:\/\/www.kgelte.de\/wp-content\/uploads\/2016\/01\/DSC_0118.jpg\" rel=\"attachment wp-att-65\"><img loading=\"lazy\" decoding=\"async\" class=\"aligncenter size-large wp-image-65\" src=\"http:\/\/www.kgelte.de\/wp-content\/uploads\/2016\/01\/DSC_0118-1024x576.jpg\" alt=\"DSC_0118\" width=\"604\" height=\"340\" srcset=\"http:\/\/www.kgelte.de\/wp-content\/uploads\/2016\/01\/DSC_0118-1024x576.jpg 1024w, http:\/\/www.kgelte.de\/wp-content\/uploads\/2016\/01\/DSC_0118-300x169.jpg 300w, http:\/\/www.kgelte.de\/wp-content\/uploads\/2016\/01\/DSC_0118-768x432.jpg 768w\" sizes=\"(max-width: 604px) 100vw, 604px\" \/><\/a><\/p>\n<p><strong>Unsere Karnevalswagen in der Vergangenheit:<\/strong><\/p>\n<style id=\"bwg-style-0\">    #bwg_container1_0 #bwg_container2_0 .bwg-container-0.bwg-standard-thumbnails {      width: 544px;              justify-content: center;        margin:0 auto !important;              background-color: rgba(255, 255, 255, 0.00);            padding-left: 4px;      padding-top: 4px;      max-width: 100%;            }        #bwg_container1_0 #bwg_container2_0 .bwg-container-0.bwg-standard-thumbnails .bwg-item {    justify-content: flex-start;      max-width: 180px;            width: 180px !important;          }    #bwg_container1_0 #bwg_container2_0 .bwg-container-0.bwg-standard-thumbnails .bwg-item a {       margin-right: 4px;       margin-bottom: 4px;    }    #bwg_container1_0 #bwg_container2_0 .bwg-container-0.bwg-standard-thumbnails .bwg-item0 {      padding: 0px;            background-color:rgba(255,255,255, 0.30);      border: 0px none #CCCCCC;      opacity: 1.00;      border-radius: 0;      box-shadow: 0px 0px 0px #888888;    }    #bwg_container1_0 #bwg_container2_0 .bwg-container-0.bwg-standard-thumbnails .bwg-item1 img {      max-height: none;      max-width: none;      padding: 0 !important;    }        @media only screen and (min-width: 480px) {      #bwg_container1_0 #bwg_container2_0 .bwg-container-0.bwg-standard-thumbnails .bwg-item0 {        transition: all 0.3s ease 0s;-webkit-transition: all 0.3s ease 0s;      }      #bwg_container1_0 #bwg_container2_0 .bwg-container-0.bwg-standard-thumbnails .bwg-item0:hover {        -ms-transform: scale(1.1);        -webkit-transform: scale(1.1);        transform: scale(1.1);      }    }          #bwg_container1_0 #bwg_container2_0 .bwg-container-0.bwg-standard-thumbnails .bwg-item1 {      padding-top: 50%;    }        #bwg_container1_0 #bwg_container2_0 .bwg-container-0.bwg-standard-thumbnails .bwg-title2,    #bwg_container1_0 #bwg_container2_0 .bwg-container-0.bwg-standard-thumbnails .bwg-ecommerce2 {      color: #CCCCCC;      font-family: segoe ui;      font-size: 16px;      font-weight: bold;      padding: 2px;      text-shadow: 0px 0px 0px #888888;      max-height: 100%;    }    #bwg_container1_0 #bwg_container2_0 .bwg-container-0.bwg-standard-thumbnails .bwg-thumb-description span {    color: #323A45;    font-family: Ubuntu;    font-size: 12px;    max-height: 100%;    word-wrap: break-word;    }    #bwg_container1_0 #bwg_container2_0 .bwg-container-0.bwg-standard-thumbnails .bwg-play-icon2 {      font-size: 32px;    }    #bwg_container1_0 #bwg_container2_0 .bwg-container-0.bwg-standard-thumbnails .bwg-ecommerce2 {      font-size: 19.2px;      color: #CCCCCC;    }    <\/style>    <div id=\"bwg_container1_0\"         class=\"bwg_container bwg_thumbnail bwg_thumbnails \"         data-right-click-protection=\"0\"         data-bwg=\"0\"         data-scroll=\"0\"         data-gallery-type=\"thumbnails\"         data-gallery-view-type=\"thumbnails\"         data-current-url=\"\/index.php?rest_route=%2Fwp%2Fv2%2Fpages%2F41\"         data-lightbox-url=\"http:\/\/www.kgelte.de\/wp-admin\/admin-ajax.php?action=GalleryBox&#038;current_view=0&#038;gallery_id=7&#038;tag=0&#038;theme_id=1&#038;shortcode_id=8&#038;sort_by=order&#038;order_by=asc&#038;current_url=%2Findex.php%3Frest_route%3D%252Fwp%252Fv2%252Fpages%252F41\"         data-gallery-id=\"7\"         data-popup-width=\"800\"         data-popup-height=\"500\"         data-is-album=\"gallery\"         data-buttons-position=\"bottom\">      <div id=\"bwg_container2_0\">             <div id=\"ajax_loading_0\" class=\"bwg_loading_div_1\">      <div class=\"bwg_loading_div_2\">        <div class=\"bwg_loading_div_3\">          <div id=\"loading_div_0\" class=\"bwg_spider_ajax_loading\">          <\/div>        <\/div>      <\/div>    <\/div>            <form id=\"gal_front_form_0\"              class=\"bwg-hidden\"              method=\"post\"              action=\"#\"              data-current=\"0\"              data-shortcode-id=\"8\"              data-gallery-type=\"thumbnails\"              data-gallery-id=\"7\"              data-tag=\"0\"              data-album-id=\"0\"              data-theme-id=\"1\"              data-ajax-url=\"http:\/\/www.kgelte.de\/wp-admin\/admin-ajax.php?action=bwg_frontend_data\">          <div id=\"bwg_container3_0\" class=\"bwg-background bwg-background-0\">                <div data-max-count=\"3\"         data-thumbnail-width=\"180\"         data-bwg=\"0\"         data-gallery-id=\"7\"         data-lightbox-url=\"http:\/\/www.kgelte.de\/wp-admin\/admin-ajax.php?action=GalleryBox&amp;current_view=0&amp;gallery_id=7&amp;tag=0&amp;theme_id=1&amp;shortcode_id=8&amp;sort_by=order&amp;order_by=asc&amp;current_url=%2Findex.php%3Frest_route%3D%252Fwp%252Fv2%252Fpages%252F41\"         id=\"bwg_thumbnails_0\"         class=\"bwg-container-0 bwg-thumbnails bwg-standard-thumbnails bwg-container bwg-border-box\">            <div class=\"bwg-item\">        <a class=\"bwg-a  bwg_lightbox\"  data-image-id=\"187\" href=\"http:\/\/www.kgelte.de\/wp-content\/uploads\/photo-gallery\/wagen\/R0012022a.jpg\" data-elementor-open-lightbox=\"no\">                <div class=\"bwg-item0 \">          <div class=\"bwg-item1 \">            <div class=\"bwg-item2\">              <img decoding=\"async\" class=\"skip-lazy bwg_standart_thumb_img_0 \"                   data-id=\"187\"                   data-width=\"\"                   data-height=\"\"                   data-src=\"http:\/\/www.kgelte.de\/wp-content\/uploads\/photo-gallery\/wagen\/thumb\/R0012022a.jpg\"                   src=\"http:\/\/www.kgelte.de\/wp-content\/uploads\/photo-gallery\/wagen\/thumb\/R0012022a.jpg\"                   alt=\"R0012022a\"                   title=\"R0012022a\" \/>            <\/div>            <div class=\"\">                                                      <\/div>          <\/div>        <\/div>                        <\/a>              <\/div>            <div class=\"bwg-item\">        <a class=\"bwg-a  bwg_lightbox\"  data-image-id=\"186\" href=\"http:\/\/www.kgelte.de\/wp-content\/uploads\/photo-gallery\/wagen\/R0011874a.jpg\" data-elementor-open-lightbox=\"no\">                <div class=\"bwg-item0 \">          <div class=\"bwg-item1 \">            <div class=\"bwg-item2\">              <img decoding=\"async\" class=\"skip-lazy bwg_standart_thumb_img_0 \"                   data-id=\"186\"                   data-width=\"\"                   data-height=\"\"                   data-src=\"http:\/\/www.kgelte.de\/wp-content\/uploads\/photo-gallery\/wagen\/thumb\/R0011874a.jpg\"                   src=\"http:\/\/www.kgelte.de\/wp-content\/uploads\/photo-gallery\/wagen\/thumb\/R0011874a.jpg\"                   alt=\"R0011874a\"                   title=\"R0011874a\" \/>            <\/div>            <div class=\"\">                                                      <\/div>          <\/div>        <\/div>                        <\/a>              <\/div>            <div class=\"bwg-item\">        <a class=\"bwg-a  bwg_lightbox\"  data-image-id=\"185\" href=\"http:\/\/www.kgelte.de\/wp-content\/uploads\/photo-gallery\/wagen\/2004_1.jpg\" data-elementor-open-lightbox=\"no\">                <div class=\"bwg-item0 \">          <div class=\"bwg-item1 \">            <div class=\"bwg-item2\">              <img decoding=\"async\" class=\"skip-lazy bwg_standart_thumb_img_0 \"                   data-id=\"185\"                   data-width=\"\"                   data-height=\"\"                   data-src=\"http:\/\/www.kgelte.de\/wp-content\/uploads\/photo-gallery\/wagen\/thumb\/2004_1.jpg\"                   src=\"http:\/\/www.kgelte.de\/wp-content\/uploads\/photo-gallery\/wagen\/thumb\/2004_1.jpg\"                   alt=\"2004_1\"                   title=\"2004_1\" \/>            <\/div>            <div class=\"\">                                                      <\/div>          <\/div>        <\/div>                        <\/a>              <\/div>            <div class=\"bwg-item\">        <a class=\"bwg-a  bwg_lightbox\"  data-image-id=\"184\" href=\"http:\/\/www.kgelte.de\/wp-content\/uploads\/photo-gallery\/wagen\/2003_1.jpg\" data-elementor-open-lightbox=\"no\">                <div class=\"bwg-item0 \">          <div class=\"bwg-item1 \">            <div class=\"bwg-item2\">              <img decoding=\"async\" class=\"skip-lazy bwg_standart_thumb_img_0 \"                   data-id=\"184\"                   data-width=\"\"                   data-height=\"\"                   data-src=\"http:\/\/www.kgelte.de\/wp-content\/uploads\/photo-gallery\/wagen\/thumb\/2003_1.jpg\"                   src=\"http:\/\/www.kgelte.de\/wp-content\/uploads\/photo-gallery\/wagen\/thumb\/2003_1.jpg\"                   alt=\"2003_1\"                   title=\"2003_1\" \/>            <\/div>            <div class=\"\">                                                      <\/div>          <\/div>        <\/div>                        <\/a>              <\/div>            <div class=\"bwg-item\">        <a class=\"bwg-a  bwg_lightbox\"  data-image-id=\"183\" href=\"http:\/\/www.kgelte.de\/wp-content\/uploads\/photo-gallery\/wagen\/2002_1.jpg\" data-elementor-open-lightbox=\"no\">                <div class=\"bwg-item0 \">          <div class=\"bwg-item1 \">            <div class=\"bwg-item2\">              <img decoding=\"async\" class=\"skip-lazy bwg_standart_thumb_img_0 \"                   data-id=\"183\"                   data-width=\"\"                   data-height=\"\"                   data-src=\"http:\/\/www.kgelte.de\/wp-content\/uploads\/photo-gallery\/wagen\/thumb\/2002_1.jpg\"                   src=\"http:\/\/www.kgelte.de\/wp-content\/uploads\/photo-gallery\/wagen\/thumb\/2002_1.jpg\"                   alt=\"2002_1\"                   title=\"2002_1\" \/>            <\/div>            <div class=\"\">                                                      <\/div>          <\/div>        <\/div>                        <\/a>              <\/div>            <div class=\"bwg-item\">        <a class=\"bwg-a  bwg_lightbox\"  data-image-id=\"182\" href=\"http:\/\/www.kgelte.de\/wp-content\/uploads\/photo-gallery\/wagen\/2001_1.jpg\" data-elementor-open-lightbox=\"no\">                <div class=\"bwg-item0 \">          <div class=\"bwg-item1 \">            <div class=\"bwg-item2\">              <img decoding=\"async\" class=\"skip-lazy bwg_standart_thumb_img_0 \"                   data-id=\"182\"                   data-width=\"\"                   data-height=\"\"                   data-src=\"http:\/\/www.kgelte.de\/wp-content\/uploads\/photo-gallery\/wagen\/thumb\/2001_1.jpg\"                   src=\"http:\/\/www.kgelte.de\/wp-content\/uploads\/photo-gallery\/wagen\/thumb\/2001_1.jpg\"                   alt=\"2001_1\"                   title=\"2001_1\" \/>            <\/div>            <div class=\"\">                                                      <\/div>          <\/div>        <\/div>                        <\/a>              <\/div>            <div class=\"bwg-item\">        <a class=\"bwg-a  bwg_lightbox\"  data-image-id=\"181\" href=\"http:\/\/www.kgelte.de\/wp-content\/uploads\/photo-gallery\/wagen\/2000_1.jpg\" data-elementor-open-lightbox=\"no\">                <div class=\"bwg-item0 \">          <div class=\"bwg-item1 \">            <div class=\"bwg-item2\">              <img decoding=\"async\" class=\"skip-lazy bwg_standart_thumb_img_0 \"                   data-id=\"181\"                   data-width=\"\"                   data-height=\"\"                   data-src=\"http:\/\/www.kgelte.de\/wp-content\/uploads\/photo-gallery\/wagen\/thumb\/2000_1.jpg\"                   src=\"http:\/\/www.kgelte.de\/wp-content\/uploads\/photo-gallery\/wagen\/thumb\/2000_1.jpg\"                   alt=\"2000_1\"                   title=\"2000_1\" \/>            <\/div>            <div class=\"\">                                                      <\/div>          <\/div>        <\/div>                        <\/a>              <\/div>            <div class=\"bwg-item\">        <a class=\"bwg-a  bwg_lightbox\"  data-image-id=\"180\" href=\"http:\/\/www.kgelte.de\/wp-content\/uploads\/photo-gallery\/wagen\/1999_1.jpg\" data-elementor-open-lightbox=\"no\">                <div class=\"bwg-item0 \">          <div class=\"bwg-item1 \">            <div class=\"bwg-item2\">              <img decoding=\"async\" class=\"skip-lazy bwg_standart_thumb_img_0 \"                   data-id=\"180\"                   data-width=\"\"                   data-height=\"\"                   data-src=\"http:\/\/www.kgelte.de\/wp-content\/uploads\/photo-gallery\/wagen\/thumb\/1999_1.jpg\"                   src=\"http:\/\/www.kgelte.de\/wp-content\/uploads\/photo-gallery\/wagen\/thumb\/1999_1.jpg\"                   alt=\"1999_1\"                   title=\"1999_1\" \/>            <\/div>            <div class=\"\">                                                      <\/div>          <\/div>        <\/div>                        <\/a>              <\/div>            <div class=\"bwg-item\">        <a class=\"bwg-a  bwg_lightbox\"  data-image-id=\"179\" href=\"http:\/\/www.kgelte.de\/wp-content\/uploads\/photo-gallery\/wagen\/1998_1_2.jpg\" data-elementor-open-lightbox=\"no\">                <div class=\"bwg-item0 \">          <div class=\"bwg-item1 \">            <div class=\"bwg-item2\">              <img decoding=\"async\" class=\"skip-lazy bwg_standart_thumb_img_0 \"                   data-id=\"179\"                   data-width=\"\"                   data-height=\"\"                   data-src=\"http:\/\/www.kgelte.de\/wp-content\/uploads\/photo-gallery\/wagen\/thumb\/1998_1_2.jpg\"                   src=\"http:\/\/www.kgelte.de\/wp-content\/uploads\/photo-gallery\/wagen\/thumb\/1998_1_2.jpg\"                   alt=\"1998_1_2\"                   title=\"1998_1_2\" \/>            <\/div>            <div class=\"\">                                                      <\/div>          <\/div>        <\/div>                        <\/a>              <\/div>          <\/div>    <style>      \/*pagination styles*\/      #bwg_container1_0 #bwg_container2_0 .tablenav-pages_0 {\t\t\t\ttext-align: center;\t\t\t\tfont-size: 12px;\t\t\t\tfont-family: segoe ui;\t\t\t\tfont-weight: bold;\t\t\t\tcolor: #666666;\t\t\t\tmargin: 6px 0 4px;\t\t\t\tdisplay: block;      }      @media only screen and (max-width : 320px) {      #bwg_container1_0 #bwg_container2_0 .displaying-num_0 {     \t display: none;      }      }      #bwg_container1_0 #bwg_container2_0 .displaying-num_0 {\t\t\t\tfont-size: 12px;\t\t\t\tfont-family: segoe ui;\t\t\t\tfont-weight: bold;\t\t\t\tcolor: #666666;\t\t\t\tmargin-right: 10px;\t\t\t\tvertical-align: middle;      }      #bwg_container1_0 #bwg_container2_0 .paging-input_0 {\t\t\t\tfont-size: 12px;\t\t\t\tfont-family: segoe ui;\t\t\t\tfont-weight: bold;\t\t\t\tcolor: #666666;\t\t\t\tvertical-align: middle;      }      #bwg_container1_0 #bwg_container2_0 .tablenav-pages_0 a.disabled,      #bwg_container1_0 #bwg_container2_0 .tablenav-pages_0 a.disabled:hover,      #bwg_container1_0 #bwg_container2_0 .tablenav-pages_0 a.disabled:focus,\t\t\t#bwg_container1_0 #bwg_container2_0 .tablenav-pages_0 input.bwg_current_page {\t\t\t\tcursor: default;\t\t\t\tcolor: rgba(102, 102, 102, 0.5);      }      #bwg_container1_0 #bwg_container2_0 .tablenav-pages_0 a,      #bwg_container1_0 #bwg_container2_0 .tablenav-pages_0 input.bwg_current_page {\t\t\t\tcursor: pointer;\t\t\t\ttext-align: center;\t\t\t\tfont-size: 12px;\t\t\t\tfont-family: segoe ui;\t\t\t\tfont-weight: bold;\t\t\t\tcolor: #666666;\t\t\t\ttext-decoration: none;\t\t\t\tpadding: 3px 6px;\t\t\t\tmargin: 0;\t\t\t\tborder-radius: 0;\t\t\t\tborder-style: solid;\t\t\t\tborder-width: 1px;\t\t\t\tborder-color: #E3E3E3;\t\t\t\t\t\t\t\tbackground-color: rgba(255, 255, 255, 1.00);\t\t\t\tbox-shadow: 0;\t\t\t\ttransition: all 0.3s ease 0s;-webkit-transition: all 0.3s ease 0s;      }      <\/style>      <span class=\"bwg_nav_cont_0\">              <div class=\"tablenav-pages_0\">                      <span class=\"pagination-links_0 pagination-links\" data-pages-count=\"4\">              <span class=\"pagination-links_col1\">              <a class=\"bwg-a first-page disabled\" title=\"Gehe zur ersten Seite\" >\u00ab<\/a>              <a class=\"bwg-a prev-page disabled\" title=\"Gehe zur vorherigen Seite\" >\u2039<\/a>              <\/span>\t\t\t\t\t\t\t<span class=\"pagination-links_col2\">\t\t\t\t\t\t\t\t\t<input type=\"number\" class=\"bwg_current_page\" name=\"bwg_current_page\" value=\"1\" data-url-info=\"page_number_0\" onkeypress=\"return bwg_change_page_0(event, this)\" min=\"1\" oninput=\"validity.valid||(value='')\" \/>\t\t\t\t\t\t\t\t\t\tvon\t\t\t\t\t\t\t\t\t\t<span class=\"total-pages_0\">\t\t\t\t\t\t\t\t\t\t\t4\t\t\t\t\t\t\t\t\t\t<\/span>\t\t\t\t\t\t\t<\/span>              <span class=\"pagination-links_col3\">                <a class=\"bwg-a next-page-0\" title=\"Gehe zur n\u00e4chsten Seite\" href=\"\/index.php?rest_route=%2Fwp%2Fv2%2Fpages%2F41&#038;page_number_0=2\">\u203a<\/a>                <a class=\"bwg-a last-page-0\" title=\"Gehe zur letzten Seite\" href=\"\/index.php?rest_route=%2Fwp%2Fv2%2Fpages%2F41&#038;page_number_0=4\">\u00bb<\/a>              <\/span>\t\t\t\t\t\t<\/span>\t\t\t\t\t\t        <\/div>                <input type=\"hidden\" id=\"page_number_0\" name=\"page_number_0\" value=\"1\" \/>      <script type=\"text\/javascript\">        if( jQuery('.bwg_nav_cont_0').length > 1 ) {          jQuery('.bwg_nav_cont_0').first().remove()        }        function spider_page_0(cur, x, y, load_more) {          if (typeof load_more == \"undefined\") {            var load_more = false;          }          if (jQuery(cur).hasClass('disabled')) {            return false;          }          var items_county_0 = 4;          switch (y) {            case 1:              if (x >= items_county_0) {                document.getElementById('page_number_0').value = items_county_0;              }              else {                document.getElementById('page_number_0').value = x + 1;              }              break;            case 2:              document.getElementById('page_number_0').value = items_county_0;              break;            case -1:              if (x == 1) {                document.getElementById('page_number_0').value = 1;              }              else {                document.getElementById('page_number_0').value = x - 1;              }              break;            case -2:              document.getElementById('page_number_0').value = 1;              break;\t\t\t\t\t\tcase 0:              document.getElementById('page_number_0').value = x;              break;            default:              document.getElementById('page_number_0').value = 1;          }          bwg_ajax('gal_front_form_0', '0', 'bwg_thumbnails_0', '0', '', 'gallery', 0, '', '', load_more, '', 1);        }                    jQuery('.first-page disabled').on('click', function () {              spider_page_0(this, 1, -2, 'numeric');              return false;            });            jQuery('.prev-page disabled').on('click', function () {              spider_page_0(this, 1, -1, 'numeric');              return false;            });            jQuery('.next-page-0').on('click', function () {              spider_page_0(this, 1, 1, 'numeric');              return false;            });            jQuery('.last-page-0').on('click', function () {              spider_page_0(this, 1, 2, 'numeric');              return false;            });        \t\t\t\t\/* Change page on input enter. *\/        function bwg_change_page_0( e, that ) {          if (  e.key == 'Enter' ) {            var to_page = parseInt(jQuery(that).val());            var pages_count = jQuery(that).parents(\".pagination-links\").data(\"pages-count\");            var current_url_param = jQuery(that).attr('data-url-info');            if (to_page > pages_count) {              to_page = 1;            }\t \t\t\t\t\t\t\t\t\t\t\t\tspider_page_0(this, to_page, 0, 'numeric');\t\t\t\t\t\t\treturn false;\t\t\t\t\t\t          }          return true;        }        jQuery('.bwg_load_btn_0').on('click', function () {            spider_page_0(this, 1, 1, true);            return false;        });      <\/script>      <\/span>                <\/div>        <\/form>        <style>          #bwg_container1_0 #bwg_container2_0 #spider_popup_overlay_0 {          background-color: #000000;          opacity: 0.70;          }          <\/style>        <div id=\"bwg_spider_popup_loading_0\" class=\"bwg_spider_popup_loading\"><\/div>        <div id=\"spider_popup_overlay_0\" class=\"spider_popup_overlay\" onclick=\"spider_destroypopup(1000)\"><\/div>        <input type=\"hidden\" id=\"bwg_random_seed_0\" value=\"478685018\">                <\/div>    <\/div>    <script>      if (document.readyState === 'complete') {        if( typeof bwg_main_ready == 'function' ) {          if ( jQuery(\"#bwg_container1_0\").height() ) {            bwg_main_ready(jQuery(\"#bwg_container1_0\"));          }        }      } else {        document.addEventListener('DOMContentLoaded', function() {          if( typeof bwg_main_ready == 'function' ) {            if ( jQuery(\"#bwg_container1_0\").height() ) {             bwg_main_ready(jQuery(\"#bwg_container1_0\"));            }          }        });      }    <\/script>    \n","protected":false},"excerpt":{"rendered":"<p>Ansprechpartner: Klaus Osterhues Unser B\u00fchnenbild 2020: Unser B\u00fchnenbild 2017: Unser B\u00fchnenbild 2016: Unser B\u00fchnenbild 2015: Unsere Karnevalswagen in der Vergangenheit:<\/p>\n","protected":false},"author":1,"featured_media":0,"parent":0,"menu_order":0,"comment_status":"closed","ping_status":"closed","template":"","meta":{"footnotes":""},"class_list":["post-41","page","type-page","status-publish","hentry"],"_links":{"self":[{"href":"http:\/\/www.kgelte.de\/index.php?rest_route=\/wp\/v2\/pages\/41"}],"collection":[{"href":"http:\/\/www.kgelte.de\/index.php?rest_route=\/wp\/v2\/pages"}],"about":[{"href":"http:\/\/www.kgelte.de\/index.php?rest_route=\/wp\/v2\/types\/page"}],"author":[{"embeddable":true,"href":"http:\/\/www.kgelte.de\/index.php?rest_route=\/wp\/v2\/users\/1"}],"replies":[{"embeddable":true,"href":"http:\/\/www.kgelte.de\/index.php?rest_route=%2Fwp%2Fv2%2Fcomments&post=41"}],"version-history":[{"count":13,"href":"http:\/\/www.kgelte.de\/index.php?rest_route=\/wp\/v2\/pages\/41\/revisions"}],"predecessor-version":[{"id":585,"href":"http:\/\/www.kgelte.de\/index.php?rest_route=\/wp\/v2\/pages\/41\/revisions\/585"}],"wp:attachment":[{"href":"http:\/\/www.kgelte.de\/index.php?rest_route=%2Fwp%2Fv2%2Fmedia&parent=41"}],"curies":[{"name":"wp","href":"https:\/\/api.w.org\/{rel}","templated":true}]}}