{"id":49,"date":"2016-01-27T13:11:40","date_gmt":"2016-01-27T13:11:40","guid":{"rendered":"http:\/\/www.kgelte.de\/?page_id=49"},"modified":"2024-01-13T10:50:31","modified_gmt":"2024-01-13T10:50:31","slug":"karnevalszeitung","status":"publish","type":"page","link":"http:\/\/www.kgelte.de\/?page_id=49","title":{"rendered":"Karnevalszeitung"},"content":{"rendered":"<h4>F\u00fcr die Karnevalszeitung 2024 werden noch angenommen.<\/h4>\n<p>WIR brauchen EURE witzigen Beitr\u00e4ge oder Fotos damit es f\u00fcr ELTE wieder eine tolle Ausgabe der Karnevalszeitung geben wird.<\/p>\n<p>Schreibt uns einfach per Mail an: zeitung@kgelte.de auch per Zettel in den Briefkasten von Yvonne Mersch<\/p>\n<p>Wir bedanken uns schon jetzt bei allen Einsendern.<\/p>\n<p><strong> <img loading=\"lazy\" decoding=\"async\" class=\"alignnone wp-image-542 size-medium\" src=\"http:\/\/www.kgelte.de\/wp-content\/uploads\/2021\/02\/KGE-Zeitung-2020-001-212x300.jpg\" alt=\"\" width=\"212\" height=\"300\" srcset=\"http:\/\/www.kgelte.de\/wp-content\/uploads\/2021\/02\/KGE-Zeitung-2020-001-212x300.jpg 212w, http:\/\/www.kgelte.de\/wp-content\/uploads\/2021\/02\/KGE-Zeitung-2020-001-723x1024.jpg 723w, http:\/\/www.kgelte.de\/wp-content\/uploads\/2021\/02\/KGE-Zeitung-2020-001-768x1088.jpg 768w, http:\/\/www.kgelte.de\/wp-content\/uploads\/2021\/02\/KGE-Zeitung-2020-001-1084x1536.jpg 1084w, http:\/\/www.kgelte.de\/wp-content\/uploads\/2021\/02\/KGE-Zeitung-2020-001-1445x2048.jpg 1445w, http:\/\/www.kgelte.de\/wp-content\/uploads\/2021\/02\/KGE-Zeitung-2020-001-scaled.jpg 1807w\" sizes=\"(max-width: 212px) 100vw, 212px\" \/><\/strong><\/p>\n<p><strong>Alte Zeitungen als PDF download:\u00a0<\/strong><\/p>\n<p>Bei den PDF Dateien fehlen teilweise die Titelseiten, die Aufl\u00f6sungen k\u00f6nnen auch stark variieren.<\/p>\n<ul>\n<li><a href=\"http:\/\/www.kgelte.de\/wp-content\/uploads\/2020\/01\/zeitung_2019_fertig_klein.pdf\">Karnevalszeitung 2019<\/a><\/li>\n<li><a href=\"http:\/\/www.kgelte.de\/wp-content\/uploads\/2020\/01\/zeitung_2018_klein.pdf\">Karnevalszeitung 2018<\/a><\/li>\n<li>2017 folgt<\/li>\n<li><a href=\"http:\/\/www.kgelte.de\/wp-content\/uploads\/2016\/01\/zeitung_2016_web.pdf\">Karnevalszeitung 2016<\/a><\/li>\n<li><a href=\"http:\/\/www.kgelte.de\/wp-content\/uploads\/2016\/01\/zeitung_2015_web.pdf\">Karnevalszeitung 2015<\/a><\/li>\n<li><a href=\"http:\/\/www.kgelte.de\/wp-content\/uploads\/2016\/01\/zeitung_2014.pdf\">Karnevalszeitung 2014<\/a><\/li>\n<li><a href=\"http:\/\/www.kgelte.de\/wp-content\/uploads\/2016\/01\/zeitung_2013_Karnevalszeitung.pdf\">Karnevalszeitung 2013<\/a><\/li>\n<li><a href=\"http:\/\/www.kgelte.de\/wp-content\/uploads\/2016\/01\/zeitung_2012_low.pdf\">Karnevalszeitung 2012<\/a><\/li>\n<li><a href=\"http:\/\/www.kgelte.de\/wp-content\/uploads\/2016\/01\/zeitung2011_Karnevalszeitung-low.pdf\">Karnevalszeitung 2011<\/a><\/li>\n<li><a href=\"http:\/\/www.kgelte.de\/wp-content\/uploads\/2016\/01\/zeitung_2010_1.pdf\">Karnevalszeitung 2010<\/a><\/li>\n<li><a href=\"http:\/\/www.kgelte.de\/wp-content\/uploads\/2016\/01\/zeitung2008.pdf\">Karnevalszeitung 2008<\/a><\/li>\n<li><a href=\"http:\/\/www.kgelte.de\/wp-content\/uploads\/2016\/01\/zeitung2006.pdf\">Karnevalszeitung 2006<\/a><\/li>\n<\/ul>\n<h4><\/h4>\n","protected":false},"excerpt":{"rendered":"<p>F\u00fcr die Karnevalszeitung 2024 werden noch angenommen. WIR brauchen EURE witzigen Beitr\u00e4ge oder Fotos damit es f\u00fcr ELTE wieder eine tolle Ausgabe der Karnevalszeitung geben wird. Schreibt uns einfach per Mail an: zeitung@kgelte.de auch per Zettel in den Briefkasten von Yvonne Mersch Wir bedanken uns schon jetzt bei allen Einsendern. Alte Zeitungen als PDF download:\u00a0 &hellip; <a href=\"http:\/\/www.kgelte.de\/?page_id=49\" class=\"more-link\"><span class=\"screen-reader-text\">Karnevalszeitung<\/span> weiterlesen <span class=\"meta-nav\">&rarr;<\/span><\/a><\/p>\n","protected":false},"author":1,"featured_media":0,"parent":0,"menu_order":0,"comment_status":"closed","ping_status":"closed","template":"","meta":{"footnotes":""},"class_list":["post-49","page","type-page","status-publish","hentry"],"_links":{"self":[{"href":"http:\/\/www.kgelte.de\/index.php?rest_route=\/wp\/v2\/pages\/49"}],"collection":[{"href":"http:\/\/www.kgelte.de\/index.php?rest_route=\/wp\/v2\/pages"}],"about":[{"href":"http:\/\/www.kgelte.de\/index.php?rest_route=\/wp\/v2\/types\/page"}],"author":[{"embeddable":true,"href":"http:\/\/www.kgelte.de\/index.php?rest_route=\/wp\/v2\/users\/1"}],"replies":[{"embeddable":true,"href":"http:\/\/www.kgelte.de\/index.php?rest_route=%2Fwp%2Fv2%2Fcomments&post=49"}],"version-history":[{"count":21,"href":"http:\/\/www.kgelte.de\/index.php?rest_route=\/wp\/v2\/pages\/49\/revisions"}],"predecessor-version":[{"id":619,"href":"http:\/\/www.kgelte.de\/index.php?rest_route=\/wp\/v2\/pages\/49\/revisions\/619"}],"wp:attachment":[{"href":"http:\/\/www.kgelte.de\/index.php?rest_route=%2Fwp%2Fv2%2Fmedia&parent=49"}],"curies":[{"name":"wp","href":"https:\/\/api.w.org\/{rel}","templated":true}]}}