{"id":57,"date":"2016-01-27T13:25:33","date_gmt":"2016-01-27T13:25:33","guid":{"rendered":"http:\/\/www.kgelte.de\/?page_id=57"},"modified":"2025-09-15T17:16:41","modified_gmt":"2025-09-15T17:16:41","slug":"startseite","status":"publish","type":"page","link":"http:\/\/www.kgelte.de\/","title":{"rendered":"Karneval 2026"},"content":{"rendered":"<h3><strong>Begleitet uns zu befreundeten Vereinen!<\/strong><\/h3>\n<p>Erlebt Gemeinschaft, Tradition und Spa\u00df bei unseren Besuchen befreundeter Vereine! Gemeinsam vertreten wir unseren Verein und kn\u00fcpfen Verbindungen, die unser Netzwerk st\u00e4rken und unvergessliche Erinnerungen schaffen. Bei jeder Veranstaltung erwartet euch ein einzigartiges Programm mit Freunden und Gleichgesinnten, die unsere Leidenschaft teilen.<\/p>\n<p><strong>Warum mitkommen?<\/strong><\/p>\n<ul>\n<li><strong>St\u00e4rkung der Vereinsgemeinschaft<\/strong>: Jede Teilnahme st\u00e4rkt unseren Zusammenhalt und zeigt unseren Freunden, dass wir f\u00fcreinander da sind.<\/li>\n<li><strong>Einblicke in andere Vereinskulturen<\/strong>: Erlebt, wie andere Vereine feiern, Traditionen pflegen und Veranstaltungen organisieren.<\/li>\n<li><strong>Einfach eine tolle Zeit<\/strong>: Gemeinsam lachen, feiern und neue Menschen kennenlernen \u2013 das sind Erlebnisse, die verbinden und noch lange in Erinnerung bleiben.<\/li>\n<li><strong>Belohnung sammeln<\/strong>: F\u00fcr jede Teilnahme wartet beim Karnevalsfest eine kleine Anerkennung als Dankesch\u00f6n!<\/li>\n<\/ul>\n<p>WhatsApp Community der KG Elte beitreten: <a href=\"https:\/\/chat.whatsapp.com\/DXIBeZScVJd23yeTu1rXu2\"> Link aufrufen <\/a><\/p>\n<p>Meldet euch gleich hier an:<\/p>\n<p>Keine Termine gefunden.<\/p>    <div id=\"anmeldeModal\" style=\"display:none; position:fixed; top:50%; left:50%; transform:translate(-50%, -50%); padding:20px; background-color:white; box-shadow: 0px 4px 8px rgba(0,0,0,0.2); border-radius:8px;\">\r\n        <h2>Zur Veranstaltung anmelden<\/h2>\r\n        <form action=\"https:\/\/termine.kgelte.de\/anmelden.php\" method=\"POST\">\r\n            <input type=\"hidden\" name=\"veranstaltung_id\" id=\"veranstaltung_id\">\r\n            <label for=\"name\">Name und Vorname:<\/label><br>\r\n            <input type=\"text\" id=\"name\" name=\"name\" required><br><br>\r\n            \r\n            <label for=\"adresse\">Adresse:<\/label><br>\r\n            <input type=\"text\" id=\"adresse\" name=\"adresse\" required><br><br>\r\n            \r\n            <label for=\"email\">E-Mail-Adresse:<\/label><br>\r\n            <input type=\"email\" id=\"email\" name=\"email\" required><br><br>\r\n            \r\n            <label for=\"handy\">Handynummer:<\/label><br>\r\n            <input type=\"text\" id=\"handy\" name=\"handy\" required><br><br>\r\n            \r\n            <label for=\"anzahl_personen\">Anzahl der Personen:<\/label><br>\r\n            <input type=\"number\" id=\"anzahl_personen\" name=\"anzahl_personen\" min=\"1\" required><br><br>\r\n            \r\n            <label for=\"teilnehmer_namen\">Teilnehmer Namen (getrennt durch Kommas):<\/label><br>\r\n            <textarea id=\"teilnehmer_namen\" name=\"teilnehmer_namen\" required><\/textarea><br><br>\r\n            \r\n            <button type=\"submit\">Anmelden<\/button>\r\n            <button type=\"button\" onclick=\"closeModal()\">Abbrechen<\/button>\r\n        <\/form>\r\n    <\/div>\r\n\r\n    <script>\r\n    function openModal(veranstaltungID) {\r\n        document.getElementById('veranstaltung_id').value = veranstaltungID;\r\n        document.getElementById('anmeldeModal').style.display = 'block';\r\n    }\r\n\r\n    function closeModal() {\r\n        document.getElementById('anmeldeModal').style.display = 'none';\r\n    }\r\n    <\/script>\r\n    \n<hr \/>\n<h2>Unsere Termine 2026<\/h2>\n<p><strong>22.02.2025 &#8211; Verkauf der Karnevalszeitung<\/strong><\/p>\n<p><strong>13.02.2026 &#8211; Galasitzung<\/strong><\/p>\n<ul>\n<li>Beginn: 20:00 Uhr \/ Einlass: 19:00 Uhr<\/li>\n<li>Eintritt: 12 \u20ac Vorkasse \/ 15 \u20ac Abendkasse<\/li>\n<li><strong><strong>Kartenvorverkauf:<\/strong><\/strong>\n<div>https:\/\/karte.kgelte.de<\/div>\n<p>Oder unter 01739988243 bei Jens K\u00f6nnig<\/li>\n<\/ul>\n<p><strong>14.02<\/strong><strong>.2026 &#8211; Karnevals-Party<\/strong><\/p>\n<ul>\n<li>Einlass 20:00 Uhr \/ Eintritt 5 \u20ac<\/li>\n<\/ul>\n<p><strong>15.06.2026\u00a0 &#8211; Kinderkarneval\u00a0<\/strong><\/p>\n<ul>\n<li>Beginn: 14:11 Uhr \/ Einlass: 13:30 Uhr<\/li>\n<li>Eintritt: 1,00 \u20ac<\/li>\n<li><strong>anschl. D\u00e4mmerschoppen (Beginn ca. 16:30 Uhr)\u00a0<\/strong><\/li>\n<\/ul>\n<p>&nbsp;<\/p>\n","protected":false},"excerpt":{"rendered":"<p>Begleitet uns zu befreundeten Vereinen! Erlebt Gemeinschaft, Tradition und Spa\u00df bei unseren Besuchen befreundeter Vereine! Gemeinsam vertreten wir unseren Verein und kn\u00fcpfen Verbindungen, die unser Netzwerk st\u00e4rken und unvergessliche Erinnerungen schaffen. Bei jeder Veranstaltung erwartet euch ein einzigartiges Programm mit Freunden und Gleichgesinnten, die unsere Leidenschaft teilen. Warum mitkommen? St\u00e4rkung der Vereinsgemeinschaft: Jede Teilnahme st\u00e4rkt &hellip; <a href=\"http:\/\/www.kgelte.de\/\" class=\"more-link\"><span class=\"screen-reader-text\">Karneval 2026<\/span> weiterlesen <span class=\"meta-nav\">&rarr;<\/span><\/a><\/p>\n","protected":false},"author":1,"featured_media":0,"parent":0,"menu_order":0,"comment_status":"closed","ping_status":"closed","template":"","meta":{"footnotes":""},"class_list":["post-57","page","type-page","status-publish","hentry"],"_links":{"self":[{"href":"http:\/\/www.kgelte.de\/index.php?rest_route=\/wp\/v2\/pages\/57"}],"collection":[{"href":"http:\/\/www.kgelte.de\/index.php?rest_route=\/wp\/v2\/pages"}],"about":[{"href":"http:\/\/www.kgelte.de\/index.php?rest_route=\/wp\/v2\/types\/page"}],"author":[{"embeddable":true,"href":"http:\/\/www.kgelte.de\/index.php?rest_route=\/wp\/v2\/users\/1"}],"replies":[{"embeddable":true,"href":"http:\/\/www.kgelte.de\/index.php?rest_route=%2Fwp%2Fv2%2Fcomments&post=57"}],"version-history":[{"count":58,"href":"http:\/\/www.kgelte.de\/index.php?rest_route=\/wp\/v2\/pages\/57\/revisions"}],"predecessor-version":[{"id":643,"href":"http:\/\/www.kgelte.de\/index.php?rest_route=\/wp\/v2\/pages\/57\/revisions\/643"}],"wp:attachment":[{"href":"http:\/\/www.kgelte.de\/index.php?rest_route=%2Fwp%2Fv2%2Fmedia&parent=57"}],"curies":[{"name":"wp","href":"https:\/\/api.w.org\/{rel}","templated":true}]}}